{"id":40,"date":"2019-04-18T11:09:40","date_gmt":"2019-04-18T11:09:40","guid":{"rendered":"https:\/\/envothemes.com\/envo-ecommerce\/?page_id=40"},"modified":"2025-07-16T10:35:36","modified_gmt":"2025-07-16T08:35:36","slug":"home","status":"publish","type":"page","link":"https:\/\/antiquariat-steinbach.com\/rarebooks\/","title":{"rendered":"Home"},"content":{"rendered":"\t\t<div data-elementor-type=\"wp-post\" data-elementor-id=\"40\" class=\"elementor elementor-40\">\n\t\t\t\t\t\t<div class=\"elementor-inner\">\n\t\t\t\t<div class=\"elementor-section-wrap\">\n\t\t\t\t\t\t\t\t\t<section class=\"elementor-section elementor-top-section elementor-element elementor-element-65ca0bc elementor-section-boxed elementor-section-height-default elementor-section-height-default\" data-id=\"65ca0bc\" data-element_type=\"section\">\n\t\t\t\t\t\t<div class=\"elementor-container elementor-column-gap-default\">\n\t\t\t\t\t\t\t<div class=\"elementor-row\">\n\t\t\t\t\t<div class=\"elementor-column elementor-col-100 elementor-top-column elementor-element elementor-element-57aee91\" data-id=\"57aee91\" data-element_type=\"column\">\n\t\t\t<div class=\"elementor-column-wrap elementor-element-populated\">\n\t\t\t\t\t\t\t<div class=\"elementor-widget-wrap\">\n\t\t\t\t\t\t<div class=\"elementor-element elementor-element-d521b64 elementor-widget elementor-widget-heading\" data-id=\"d521b64\" data-element_type=\"widget\" data-widget_type=\"heading.default\">\n\t\t\t\t<div class=\"elementor-widget-container\">\n\t\t\t<h1 class=\"elementor-heading-title elementor-size-default\">B\u00fccher, Graphiken und Autographen aus f\u00fcnf Jahrhunderten<\/h1>\t\t<\/div>\n\t\t\t\t<\/div>\n\t\t\t\t\t\t<\/div>\n\t\t\t\t\t<\/div>\n\t\t<\/div>\n\t\t\t\t\t\t\t\t<\/div>\n\t\t\t\t\t<\/div>\n\t\t<\/section>\n\t\t\t\t<section class=\"elementor-section elementor-top-section elementor-element elementor-element-29b5c41 elementor-section-boxed elementor-section-height-default elementor-section-height-default\" data-id=\"29b5c41\" data-element_type=\"section\">\n\t\t\t\t\t\t<div class=\"elementor-container elementor-column-gap-default\">\n\t\t\t\t\t\t\t<div class=\"elementor-row\">\n\t\t\t\t\t<div class=\"elementor-column elementor-col-100 elementor-top-column elementor-element elementor-element-4aa2dd7\" data-id=\"4aa2dd7\" data-element_type=\"column\">\n\t\t\t<div class=\"elementor-column-wrap elementor-element-populated\">\n\t\t\t\t\t\t\t<div class=\"elementor-widget-wrap\">\n\t\t\t\t\t\t<div class=\"elementor-element elementor-element-38fc2ea elementor-aspect-ratio-169 elementor-widget elementor-widget-video\" data-id=\"38fc2ea\" data-element_type=\"widget\" data-settings=\"{&quot;video_type&quot;:&quot;hosted&quot;,&quot;controls&quot;:&quot;yes&quot;,&quot;aspect_ratio&quot;:&quot;169&quot;}\" data-widget_type=\"video.default\">\n\t\t\t\t<div class=\"elementor-widget-container\">\n\t\t\t\t\t<div class=\"e-hosted-video elementor-wrapper elementor-fit-aspect-ratio elementor-open-inline\">\n\t\t\t\t\t<video class=\"elementor-video\" src=\"https:\/\/antiquariat-steinbach.com\/rarebooks\/wp-content\/uploads\/2021\/02\/steinbach.mp4\" controls=\"\" controlsList=\"nodownload\"><\/video>\n\t\t\t\t<\/div>\n\t\t\t\t<\/div>\n\t\t\t\t<\/div>\n\t\t\t\t\t\t<\/div>\n\t\t\t\t\t<\/div>\n\t\t<\/div>\n\t\t\t\t\t\t\t\t<\/div>\n\t\t\t\t\t<\/div>\n\t\t<\/section>\n\t\t\t\t<section class=\"elementor-section elementor-top-section elementor-element elementor-element-4596d06 elementor-section-boxed elementor-section-height-default elementor-section-height-default\" data-id=\"4596d06\" data-element_type=\"section\">\n\t\t\t\t\t\t<div class=\"elementor-container elementor-column-gap-default\">\n\t\t\t\t\t\t\t<div class=\"elementor-row\">\n\t\t\t\t\t<div class=\"elementor-column elementor-col-100 elementor-top-column elementor-element elementor-element-12884b9\" data-id=\"12884b9\" data-element_type=\"column\">\n\t\t\t<div class=\"elementor-column-wrap elementor-element-populated\">\n\t\t\t\t\t\t\t<div class=\"elementor-widget-wrap\">\n\t\t\t\t\t\t<div class=\"elementor-element elementor-element-05c291f elementor-widget elementor-widget-text-editor\" data-id=\"05c291f\" data-element_type=\"widget\" data-widget_type=\"text-editor.default\">\n\t\t\t\t<div class=\"elementor-widget-container\">\n\t\t\t\t\t\t\t\t<div class=\"elementor-text-editor elementor-clearfix\">\n\t\t\t\t<div><a title=\"\u00d6ffnet internen Link im aktuellen Fenster\" href=\"https:\/\/antiquariat-steinbach.com\/rarebooks\/antiquariatsmessen\/\">Unser Angebot<\/a> finden Sie nicht nur im Internet, sondern auch auf den vielen Antiquariatsmessen weltweit von London, New York und Paris bis nach Hong Kong und Tokio sowie in den regelm\u00e4\u00dfig erscheinenden illustrierten Katalogen.<p><a title=\"\u00d6ffnet internen Link im aktuellen Fenster\" href=\"https:\/\/antiquariat-steinbach.com\/rarebooks\/kontakt\/\">Wir beraten Sie<\/a> beim Ankauf Ihrer B\u00fccher und beim Aufbau Ihrer Sammlungen und gehen gern Ihren Suchw\u00fcnschen nach.<\/p><p><a title=\"\u00d6ffnet externen Link in neuem Fenster\" href=\"http:\/\/www.ilab.org\/\" target=\"_blank\" rel=\"noopener\">Als Mitglied der International League of Antiquarian Booksellers (ILAB)<\/a> bin ich als professionelles Antiquariat mit jahrzehntelanger Erfahrung dem ILAB Code of Ethics verpflichtet, der die Echtheit der angebotenen Waren, deren exakte Beschreibung und eine korrekte Preisfindung garantiert.<\/p><p>\u00a0<\/p><\/div><h4>Tokio: World Antiquarian Book Plaza &#8211; Der sch\u00f6nste neue Platz f\u00fcr Bibliophile<\/h4><p>Gibt es &#8211; abgesehen von den gro\u00dfen internationalen Antiquariatsmessen &#8211; einen Platz, wo man sch\u00f6ne und seltene B\u00fccher, Manuskripte, Atlanten, Autographen und Graphiken aus allen Teilen der Welt und angeboten von Kollegen aus aller Herren L\u00e4nder kaufen kann? Seit \u00fcber 10 Jahren gibt es solch einen Ort &#8211; in Tokio. Die World Antiquarian Book Plaza ist ein gemeinsames Projekt von Michael Steinbach und Yushodo Ltd. <a title=\"\u00d6ffnet internen Link im aktuellen Fenster\" href=\"https:\/\/antiquariat-steinbach.com\/rarebooks\/tokio-world-antiquarian-book-plaza-der-schoenste-neue-platz-fuer-bibliophile\/\">Lesen Sie mehr dar\u00fcber.<\/a><\/p><div><p>\u00a0<\/p><h4>Michael Steinbach \u2013 Zum 3. Mal als Vorsitzender des Verbandes der Antiquare \u00d6sterreichs gew\u00e4hlt worden<\/h4><p>Auf der diesj\u00e4hrigen Vollversammlung des Verbandes der Antiquare \u00d6sterreichs bin ich wieder zu dessen Vorsitzenden gew\u00e4hlt worden.<br \/>Ich werde mich weiterhin bem\u00fchen, den \u00f6sterreichischen Antiquariatsbuchhandel bestm\u00f6glich nach au\u00dfen und nach innen \u2013 in der \u00d6ffentlichkeit und im internationalen Sammler- und Kollegenkreis zu vertreten.<\/p><\/div>\t\t\t\t\t<\/div>\n\t\t\t\t\t\t<\/div>\n\t\t\t\t<\/div>\n\t\t\t\t\t\t<\/div>\n\t\t\t\t\t<\/div>\n\t\t<\/div>\n\t\t\t\t\t\t\t\t<\/div>\n\t\t\t\t\t<\/div>\n\t\t<\/section>\n\t\t\t\t<section class=\"elementor-section elementor-top-section elementor-element elementor-element-454fb21 elementor-section-boxed elementor-section-height-default elementor-section-height-default\" data-id=\"454fb21\" data-element_type=\"section\">\n\t\t\t\t\t\t<div class=\"elementor-container elementor-column-gap-default\">\n\t\t\t\t\t\t\t<div class=\"elementor-row\">\n\t\t\t\t\t<div class=\"elementor-column elementor-col-100 elementor-top-column elementor-element elementor-element-df1bfcc\" data-id=\"df1bfcc\" data-element_type=\"column\">\n\t\t\t<div class=\"elementor-column-wrap elementor-element-populated\">\n\t\t\t\t\t\t\t<div class=\"elementor-widget-wrap\">\n\t\t\t\t\t\t<div class=\"elementor-element elementor-element-cc4958d elementor-widget elementor-widget-heading\" data-id=\"cc4958d\" data-element_type=\"widget\" data-widget_type=\"heading.default\">\n\t\t\t\t<div class=\"elementor-widget-container\">\n\t\t\t<h3 class=\"elementor-heading-title elementor-size-default\"><h2>Ausgew\u00e4hlte Neueing\u00e4nge<\/h2><\/h3>\t\t<\/div>\n\t\t\t\t<\/div>\n\t\t\t\t\t\t<\/div>\n\t\t\t\t\t<\/div>\n\t\t<\/div>\n\t\t\t\t\t\t\t\t<\/div>\n\t\t\t\t\t<\/div>\n\t\t<\/section>\n\t\t\t\t<section class=\"elementor-section elementor-top-section elementor-element elementor-element-ec46a62 elementor-section-boxed elementor-section-height-default elementor-section-height-default\" data-id=\"ec46a62\" data-element_type=\"section\">\n\t\t\t\t\t\t<div class=\"elementor-container elementor-column-gap-default\">\n\t\t\t\t\t\t\t<div class=\"elementor-row\">\n\t\t\t\t\t<div class=\"elementor-column elementor-col-100 elementor-top-column elementor-element elementor-element-8d6fc26\" data-id=\"8d6fc26\" data-element_type=\"column\">\n\t\t\t<div class=\"elementor-column-wrap elementor-element-populated\">\n\t\t\t\t\t\t\t<div class=\"elementor-widget-wrap\">\n\t\t\t\t\t\t<div class=\"elementor-element elementor-element-864c0c1 elementor-widget elementor-widget-shortcode\" data-id=\"864c0c1\" data-element_type=\"widget\" data-widget_type=\"shortcode.default\">\n\t\t\t\t<div class=\"elementor-widget-container\">\n\t\t\t\t\t<div class=\"elementor-shortcode\"><div class=\"woocommerce columns-4 \"><ul class=\"products columns-4\">\n<li class=\"product type-product post-3147 status-publish first instock product_cat-england product_cat-geschichte product_cat-napoleon product_cat-zvab has-post-thumbnail purchasable product-type-simple\">\n\t<a href=\"https:\/\/antiquariat-steinbach.com\/rarebooks\/produkt\/goldsmith-lewis-geheime-geschichte-des-hofes-und-cabinets-zu-st-cloud-frey-aus-dem-englischen-uebersetzt\/\" class=\"woocommerce-LoopProduct-link woocommerce-loop-product__link\"><img loading=\"lazy\" decoding=\"async\" width=\"300\" height=\"300\" src=\"https:\/\/antiquariat-steinbach.com\/rarebooks\/wp-content\/uploads\/2021\/03\/13980AB-scaled-300x300.jpg\" class=\"attachment-woocommerce_thumbnail size-woocommerce_thumbnail\" alt=\"(Goldsmith, Lewis). -  Geheime Geschichte des Hofes und Cabinets zu St. Cloud. Frey aus dem Englischen \u00fcbersetzt.\" srcset=\"https:\/\/antiquariat-steinbach.com\/rarebooks\/wp-content\/uploads\/2021\/03\/13980AB-300x300.jpg 300w, https:\/\/antiquariat-steinbach.com\/rarebooks\/wp-content\/uploads\/2021\/03\/13980AB-100x100.jpg 100w, https:\/\/antiquariat-steinbach.com\/rarebooks\/wp-content\/uploads\/2021\/03\/13980AB-150x150.jpg 150w\" sizes=\"auto, (max-width: 300px) 100vw, 300px\" \/><h2 class=\"woocommerce-loop-product__title\">(Goldsmith, Lewis). &#8211;  Geheime Geschichte des Hofes und Cabinets zu St. Cloud. Frey aus dem Englischen \u00fcbersetzt.<\/h2>\n\t<span class=\"price\"><span class=\"woocommerce-Price-amount amount\"><bdi>315,00&nbsp;<span class=\"woocommerce-Price-currencySymbol\">&euro;<\/span><\/bdi><\/span><\/span>\n<\/a><a href=\"\/rarebooks\/wp-json\/wp\/v2\/pages\/40?add-to-cart=3147\" aria-describedby=\"woocommerce_loop_add_to_cart_link_describedby_3147\" data-quantity=\"1\" class=\"button product_type_simple add_to_cart_button ajax_add_to_cart\" data-product_id=\"3147\" data-product_sku=\"13980AB\" aria-label=\"In den Warenkorb legen: \u201e(Goldsmith, Lewis). -  Geheime Geschichte des Hofes und Cabinets zu St. Cloud. Frey aus dem Englischen \u00fcbersetzt.\u201c\" rel=\"nofollow\" data-success_message=\"\u201e(Goldsmith, Lewis). -  Geheime Geschichte des Hofes und Cabinets zu St. Cloud. Frey aus dem Englischen \u00fcbersetzt.\u201c wurde deinem Warenkorb hinzugef\u00fcgt\" role=\"button\">In den Warenkorb<\/a>\t<span id=\"woocommerce_loop_add_to_cart_link_describedby_3147\" class=\"screen-reader-text\">\n\t\t\t<\/span>\n<\/li>\n<li class=\"product type-product post-7255 status-publish instock product_cat-20-jahrhundert product_cat-austriaca product_cat-schiele product_cat-schiele-kuenstlermonographien product_cat-werkverzeichnis product_cat-zvab purchasable product-type-simple\">\n\t<a href=\"https:\/\/antiquariat-steinbach.com\/rarebooks\/produkt\/schiele-leopold-rudolf-egon-schiele-paintings-watercolours-drawings\/\" class=\"woocommerce-LoopProduct-link woocommerce-loop-product__link\"><img loading=\"lazy\" decoding=\"async\" width=\"300\" height=\"300\" src=\"https:\/\/antiquariat-steinbach.com\/rarebooks\/wp-content\/uploads\/2021\/03\/placeholder-300x300.png\" class=\"woocommerce-placeholder wp-post-image\" alt=\"Platzhalter\" srcset=\"https:\/\/antiquariat-steinbach.com\/rarebooks\/wp-content\/uploads\/2021\/03\/placeholder-300x300.png 300w, https:\/\/antiquariat-steinbach.com\/rarebooks\/wp-content\/uploads\/2021\/03\/placeholder-100x100.png 100w, https:\/\/antiquariat-steinbach.com\/rarebooks\/wp-content\/uploads\/2021\/03\/placeholder-600x600.png 600w, https:\/\/antiquariat-steinbach.com\/rarebooks\/wp-content\/uploads\/2021\/03\/placeholder-150x150.png 150w, https:\/\/antiquariat-steinbach.com\/rarebooks\/wp-content\/uploads\/2021\/03\/placeholder-768x768.png 768w, https:\/\/antiquariat-steinbach.com\/rarebooks\/wp-content\/uploads\/2021\/03\/placeholder.png 1000w\" sizes=\"auto, (max-width: 300px) 100vw, 300px\" \/><h2 class=\"woocommerce-loop-product__title\">Schiele &#8211;   Leopold, Rudolf. &#8211;  Egon Schiele; Paintings, watercolours, drawings.<\/h2>\n\t<span class=\"price\"><span class=\"woocommerce-Price-amount amount\"><bdi>475,00&nbsp;<span class=\"woocommerce-Price-currencySymbol\">&euro;<\/span><\/bdi><\/span><\/span>\n<\/a><a href=\"\/rarebooks\/wp-json\/wp\/v2\/pages\/40?add-to-cart=7255\" aria-describedby=\"woocommerce_loop_add_to_cart_link_describedby_7255\" data-quantity=\"1\" class=\"button product_type_simple add_to_cart_button ajax_add_to_cart\" data-product_id=\"7255\" data-product_sku=\"17243AB\" aria-label=\"In den Warenkorb legen: \u201eSchiele -   Leopold, Rudolf. -  Egon Schiele; Paintings, watercolours, drawings.\u201c\" rel=\"nofollow\" data-success_message=\"\u201eSchiele -   Leopold, Rudolf. -  Egon Schiele; Paintings, watercolours, drawings.\u201c wurde deinem Warenkorb hinzugef\u00fcgt\" role=\"button\">In den Warenkorb<\/a>\t<span id=\"woocommerce_loop_add_to_cart_link_describedby_7255\" class=\"screen-reader-text\">\n\t\t\t<\/span>\n<\/li>\n<li class=\"product type-product post-7259 status-publish instock product_cat-illustrierte-buecher product_cat-schiele-20-jahrhundert product_cat-secession product_cat-zvab has-post-thumbnail purchasable product-type-simple\">\n\t<a href=\"https:\/\/antiquariat-steinbach.com\/rarebooks\/produkt\/schiele-roessler-arthur-erinnerungen-an-egon-schiele-2\/\" class=\"woocommerce-LoopProduct-link woocommerce-loop-product__link\"><img loading=\"lazy\" decoding=\"async\" width=\"300\" height=\"300\" src=\"https:\/\/antiquariat-steinbach.com\/rarebooks\/wp-content\/uploads\/2021\/07\/13819AB-scaled-300x300.jpg\" class=\"attachment-woocommerce_thumbnail size-woocommerce_thumbnail\" alt=\"Schiele -   Roessler, Arthur: -  Erinnerungen an Egon Schiele.\" srcset=\"https:\/\/antiquariat-steinbach.com\/rarebooks\/wp-content\/uploads\/2021\/07\/13819AB-300x300.jpg 300w, https:\/\/antiquariat-steinbach.com\/rarebooks\/wp-content\/uploads\/2021\/07\/13819AB-100x100.jpg 100w, https:\/\/antiquariat-steinbach.com\/rarebooks\/wp-content\/uploads\/2021\/07\/13819AB-150x150.jpg 150w\" sizes=\"auto, (max-width: 300px) 100vw, 300px\" \/><h2 class=\"woocommerce-loop-product__title\">Schiele &#8211;   Roessler, Arthur: &#8211;  Erinnerungen an Egon Schiele.<\/h2>\n\t<span class=\"price\"><span class=\"woocommerce-Price-amount amount\"><bdi>185,00&nbsp;<span class=\"woocommerce-Price-currencySymbol\">&euro;<\/span><\/bdi><\/span><\/span>\n<\/a><a href=\"\/rarebooks\/wp-json\/wp\/v2\/pages\/40?add-to-cart=7259\" aria-describedby=\"woocommerce_loop_add_to_cart_link_describedby_7259\" data-quantity=\"1\" class=\"button product_type_simple add_to_cart_button ajax_add_to_cart\" data-product_id=\"7259\" data-product_sku=\"13819AB\" aria-label=\"In den Warenkorb legen: \u201eSchiele -   Roessler, Arthur: -  Erinnerungen an Egon Schiele.\u201c\" rel=\"nofollow\" data-success_message=\"\u201eSchiele -   Roessler, Arthur: -  Erinnerungen an Egon Schiele.\u201c wurde deinem Warenkorb hinzugef\u00fcgt\" role=\"button\">In den Warenkorb<\/a>\t<span id=\"woocommerce_loop_add_to_cart_link_describedby_7259\" class=\"screen-reader-text\">\n\t\t\t<\/span>\n<\/li>\n<\/ul>\n<\/div><\/div>\n\t\t\t\t<\/div>\n\t\t\t\t<\/div>\n\t\t\t\t\t\t<\/div>\n\t\t\t\t\t<\/div>\n\t\t<\/div>\n\t\t\t\t\t\t\t\t<\/div>\n\t\t\t\t\t<\/div>\n\t\t<\/section>\n\t\t\t\t\t\t\t\t\t<\/div>\n\t\t\t<\/div>\n\t\t\t\t\t<\/div>\n\t\t","protected":false},"excerpt":{"rendered":"<p>B\u00fccher, Graphiken und Autographen aus f\u00fcnf Jahrhunderten https:\/\/antiquariat-steinbach.com\/rarebooks\/wp-content\/uploads\/2021\/02\/steinbach.mp4Unser Angebot finden Sie nicht nur im Internet, sondern auch auf den vielen&hellip;<\/p>\n","protected":false},"author":1,"featured_media":0,"parent":0,"menu_order":0,"comment_status":"closed","ping_status":"closed","template":"template-parts\/template-page-builders.php","meta":{"footnotes":""},"class_list":["post-40","page","type-page","status-publish","hentry"],"_links":{"self":[{"href":"https:\/\/antiquariat-steinbach.com\/rarebooks\/wp-json\/wp\/v2\/pages\/40","targetHints":{"allow":["GET"]}}],"collection":[{"href":"https:\/\/antiquariat-steinbach.com\/rarebooks\/wp-json\/wp\/v2\/pages"}],"about":[{"href":"https:\/\/antiquariat-steinbach.com\/rarebooks\/wp-json\/wp\/v2\/types\/page"}],"author":[{"embeddable":true,"href":"https:\/\/antiquariat-steinbach.com\/rarebooks\/wp-json\/wp\/v2\/users\/1"}],"replies":[{"embeddable":true,"href":"https:\/\/antiquariat-steinbach.com\/rarebooks\/wp-json\/wp\/v2\/comments?post=40"}],"version-history":[{"count":10,"href":"https:\/\/antiquariat-steinbach.com\/rarebooks\/wp-json\/wp\/v2\/pages\/40\/revisions"}],"predecessor-version":[{"id":27539,"href":"https:\/\/antiquariat-steinbach.com\/rarebooks\/wp-json\/wp\/v2\/pages\/40\/revisions\/27539"}],"wp:attachment":[{"href":"https:\/\/antiquariat-steinbach.com\/rarebooks\/wp-json\/wp\/v2\/media?parent=40"}],"curies":[{"name":"wp","href":"https:\/\/api.w.org\/{rel}","templated":true}]}}