{"id":327,"date":"2021-02-09T16:34:12","date_gmt":"2021-02-09T15:34:12","guid":{"rendered":"http:\/\/antiquariat-steinbach.com\/rarebooks\/?page_id=327"},"modified":"2021-02-09T16:35:06","modified_gmt":"2021-02-09T15:35:06","slug":"agb","status":"publish","type":"page","link":"https:\/\/antiquariat-steinbach.com\/rarebooks\/agb\/","title":{"rendered":"Allgemeine Gesch\u00e4ftsbedingungen"},"content":{"rendered":"\t\t<div data-elementor-type=\"wp-page\" data-elementor-id=\"327\" class=\"elementor elementor-327\">\n\t\t\t\t\t\t<div class=\"elementor-inner\">\n\t\t\t\t<div class=\"elementor-section-wrap\">\n\t\t\t\t\t\t\t\t\t<section class=\"elementor-section elementor-top-section elementor-element elementor-element-f129639 elementor-section-boxed elementor-section-height-default elementor-section-height-default\" data-id=\"f129639\" data-element_type=\"section\">\n\t\t\t\t\t\t<div class=\"elementor-container elementor-column-gap-default\">\n\t\t\t\t\t\t\t<div class=\"elementor-row\">\n\t\t\t\t\t<div class=\"elementor-column elementor-col-100 elementor-top-column elementor-element elementor-element-adb4122\" data-id=\"adb4122\" data-element_type=\"column\">\n\t\t\t<div class=\"elementor-column-wrap elementor-element-populated\">\n\t\t\t\t\t\t\t<div class=\"elementor-widget-wrap\">\n\t\t\t\t\t\t<div class=\"elementor-element elementor-element-7321528 elementor-widget elementor-widget-text-editor\" data-id=\"7321528\" data-element_type=\"widget\" data-widget_type=\"text-editor.default\">\n\t\t\t\t<div class=\"elementor-widget-container\">\n\t\t\t\t\t\t\t\t<div class=\"elementor-text-editor elementor-clearfix\">\n\t\t\t\t<div id=\"c137\"><div class=\"ce-textpic ce-center ce-above\"><div class=\"ce-bodytext\"><p>einschlie\u00dflich Pflichtangaben nach dem Fernabsatzrecht, R\u00fcckgaberecht der Firma:<\/p><p>\u00a0<\/p><p>Antiquariat Michael Steinbach<br \/>Freyung 6\/4\/6<br \/>A &#8211; 1010 Wien<\/p><p>Tel. + Fax. +43-1-5320265<\/p><p>E-Mail: Michael.Steinbach@antiquariat-steinbach.com<br \/>Internet: <a class=\"internal-link\" title=\"Opens internal link in current window\" href=\"https:\/\/www.antiquariat-steinbach.com\/home\/\">www.antiquariat-steinbach.com<\/a><\/p><p>Geltungsbereich:<\/p><p>Die folgenden Allgemeinen Gesch\u00e4ftsbedingungen gelten f\u00fcr alle Gesch\u00e4ftsbeziehungen zwischen uns und unseren Kunden. Ma\u00dfgeblich ist jeweils die zum Zeitpunkt des Vertragsschlusses g\u00fcltige Fassung.<\/p><p>Verbraucher im Sinne der Gesch\u00e4ftsbedingungen sind nat\u00fcrliche Personen, mit denen wir in Gesch\u00e4ftsbeziehung treten, ohne dass diese eine gewerbliche oder selbst\u00e4ndige berufliche T\u00e4tigkeit aus\u00fcben.<\/p><p>Unternehmer und Unternehmen im Sinne der Gesch\u00e4ftsbedingungen sind nat\u00fcrlich oder juristische Personen oder rechtsf\u00e4hige Personengesellschaften, mit denen wir in Gesch\u00e4ftsbeziehungen treten und die eine gewerbliche oder selbst\u00e4ndige berufliche T\u00e4tigkeit aus\u00fcben.<\/p><p>Kunde\/Kunden im Sinne der Gesch\u00e4ftsbedingungen sind sowohl Verbraucher als auch Unternehmer\/Unternehmen.<\/p><p>Abweichende, entgegenstehende oder erg\u00e4nzende Allgemeine Gesch\u00e4ftsbedingungen werden, selbst bei Kenntnis, nicht Vertragsbestandteil, es sei denn, ihrer Geltung wird ausdr\u00fccklich schriftlich zugestimmt.<\/p><p>Die vorliegenden Allgemeinen Gesch\u00e4ftsbedingungen einschlie\u00dflich Pflichtangaben f\u00fcr Fernabsatzvertr\u00e4ge mit Widerrufsbelehrung k\u00f6nnen Sie jederzeit per Postsendung oder per E-Mail auf Wunsch erhalten (Adressangaben siehe oben).<\/p><p>1. Datenschutzerkl\u00e4rung<\/p><p>Informationen \u00fcber Art, Umfang und Zweck der Erhebung, Verarbeitung und Nutzung personenbezogener Daten:<br \/>Die im Rahmen der Bestell-, Zahlungs- und Gesch\u00e4ftsabwicklung notwendigen personen- und vertragsbezogenen Daten werden gem\u00e4\u00df \u00a7 28 des Bundesdatenschutzgesetzes mittels einer EDV-Anlage gem\u00e4\u00df \u00a7 33 Bundesdatenschutzgesetz (BDSG) verarbeitet und auf unbestimmte Zeit gespeichert.<\/p><p>Sie k\u00f6nnen die gespeicherten Daten auf Wunsch jederzeit erfragen (Adressangaben siehe oben).<\/p><p>2. R\u00fcckgaberecht &#8211; R\u00fcckgabebelehrung<\/p><p>Sie k\u00f6nnen die erhaltene Ware ohne Angabe von Gr\u00fcnden innerhalb von einem Monat durch R\u00fccksendung der Ware zur\u00fcckgeben. Einen bereits bezahlten Kaufpreis erhalten Sie dann zur\u00fcckerstattet. Die Frist f\u00fcr die R\u00fccksendung beginnt fr\u00fchestens mit dem Zustandekommen des Kaufvertrages (siehe Punkt 3) sowie Zusendung der Widerrufsbelehrung in Textform, d.h. in dauerhafter Wiedergabe in Schriftzeichen. Sie erhalten diese Widerrufsbelehrung zusammen mit unserer Vertragsannahmebest\u00e4tigung bei der Auslieferung bzw. Zusendung der Ware \u00fcbermittelt. Zur Wahrung der Frist gen\u00fcgt die rechtzeitige Absendung der Ware oder des R\u00fccknahmeverlangens. In jedem Falle erfolgt die R\u00fccksendung auf unsere Kosten und Gefahr. Die R\u00fccksendung oder das R\u00fccknahmeverlangen hat zu erfolgen an die oben angegebene Adresse. Die Gegenst\u00e4nde m\u00fcssen gut verpackt, m\u00f6glichst in der Originalverpackung, an uns zur\u00fcckgesandt werden. Vor der R\u00fccksendung bitten wir um deren Ank\u00fcndigung unter den oben genannten Kontaktdaten<\/p><p>R\u00fcckgabefolgen<\/p><p>Im Falle einer wirksamen R\u00fcckgabe sind die beiderseits empfangenen Leistungen zur\u00fcckzugew\u00e4hren und ggf. gezogene Nutzungen (z. B. Gebrauchsvorteile) herauszugeben. Bei einer Verschlechterung der Ware kann Wertersatz verlangt werden. Dies gilt nicht, wenn die Verschlechterung der Ware ausschlie\u00dflich auf deren Pr\u00fcfung &#8211; wie sie Ihnen etwa im Ladengesch\u00e4ft m\u00f6glich gewesen w\u00e4re &#8211; zur\u00fcckzuf\u00fchren ist. Im \u00dcbrigen k\u00f6nnen Sie die Wertersatzpflicht vermeiden, indem Sie die Ware nicht wie ein Eigent\u00fcmer in Gebrauch nehmen und alles unterlassen, was deren Wert beeintr\u00e4chtigt.<\/p><p>3. Eingangsbest\u00e4tigung Ihrer Bestellung &#8211; Kaufvertrag<\/p><p>Die Auftragsbest\u00e4tigung erfolgt automatisch und stellt noch keine Vertragsannahme dar. Der Kaufvertrag kommt mit Auslieferung und Zugang der Ware beim Empf\u00e4nger zustande. Wir sind berechtigt, die Annahme der Bestellung &#8211; etwa nach Pr\u00fcfung der Bonit\u00e4t des Kunden &#8211; abzulehnen.<\/p><p>4. Vorbehalt der Nichtverf\u00fcgbarkeit<\/p><p>Das Angebot ist freibleibend und steht unter der Bedingung, dass das Produkt unsererseits noch vorr\u00e4tig oder lieferbar ist. Wir behalten uns vor, von einer Ausf\u00fchrung der Bestellung abzusehen, wenn die bestellte Ware nicht mehr vorr\u00e4tig ist. In diesem Fall werden wir Sie \u00fcber die Nichtverf\u00fcgbarkeit informieren und einen gegebenenfalls bereits gezahlten Kaufpreis unverz\u00fcglich r\u00fcckerstatten.<\/p><p>5. Vertragsschluss<\/p><p>Mit dem Absenden des Bestellformulars wird Ihre Bestellung ausgef\u00fchrt und an uns weitergeleitet. Die Auftragsbest\u00e4tigung erfolgt automatisch und stellt noch keine Vertragsannahme dar. Der Kaufvertrag kommt mit Auslieferung und Zugang der Ware beim Empf\u00e4nger zustande. Wir sind berechtigt, die Annahme der Bestellung abzulehnen.<\/p><p>Der Vertragstext einschlie\u00dflich Ihrer Bestellung wird von uns gespeichert und wird Ihnen auf Wunsch zusammen mit unseren Allgemeinen Gesch\u00e4ftsbedingungen zugesandt.<\/p><p>6. Vertragssprache<\/p><p>Die f\u00fcr den Vertragsschluss zur Verf\u00fcgung stehende Sprache ist Deutsch.<\/p><p>7. Informationen \u00fcber Einzelheiten der Preise, Zahlung, Lieferung, Erf\u00fcllung, Zahlungsverzug, Vorauszahlung, Gefahr\u00fcbergang:<\/p><p>Preise:<br \/>Unsere Preise sind in EURO ausgezeichnet, inklusive der gesetzlichen Mehrwertsteuer von z. Zt. 7 %.<\/p><p>Versandkosten:<\/p><p>Bei Verkaufsplattformen werden Ihnen die Versandkosten angezeigt. Die Versandkosten bei Katalogbestellungen sind entsprechend. Wir teilen Ihnen gerne die Versandkosten vorab mit.<\/p><p>Vorauszahlungen:<\/p><p>Bitte haben Sie daf\u00fcr Verst\u00e4ndnis, dass wir uns Vorauszahlung vorbehalten.<\/p><p>Zahlungen:<\/p><p>Die Rechnung ist sofort nach Erhalt ohne Abzug f\u00e4llig. Die Rechnung ist mittels \u00dcberweisung auf unser auf der Rechnung angegebenes Konto zu begleichen.<\/p><p>Lieferzeit:<\/p><p>Die Lieferzeit betr\u00e4gt in der Regel ein bis drei Tage ab Bestelleingang zuz\u00fcglich die Dauer des Postweges. Verbindliche Liefertermine m\u00fcssen schriftlich vereinbart werden.<\/p><p>Zahlungsverzug:<\/p><p>30 Tage nach Zugang der Rechnung kommt der Kunde\/die Kundin in Zahlungsverzug. Nach der Ihnen dann zugesandten 1. Mahnung berechnen wir f\u00fcr weiter erforderliche Mahnungen je 5 Euro Geb\u00fchren als Kostenersatz. W\u00e4hrend des Verzugs hat der Verbraucher\/die Verbraucherin die Geldschuld in H\u00f6he von 5 % \u00fcber dem Basiszinssatz zu verzinsen.<\/p><p>Gefahr\u00fcbergang:<\/p><p>Bei Verbrauchern geht die Gefahr des zuf\u00e4lligen Untergangs und der zuf\u00e4lligen Verschlechterung der verkauften Ware auch beim Versendungskauf mit der \u00dcbergabe der Ware auf diesen \u00fcber.<\/p><p>Der \u00dcbergabe steht es gleich, wenn der Kunde im Verzug der Annahme ist.<\/p><p>Bei Unternehmern geht die Gefahr des zuf\u00e4lligen Untergangs und der zuf\u00e4lligen Verschlechterung der Ware mit der Auslieferung der Ware an den Spediteur, den Frachtf\u00fchrer, der Deutschen Post oder der sonst zur Ausf\u00fchrung der Versendung bestimmten Personen oder Anstalt auf den Unternehmer \u00fcber.<\/p><p>8. Angabe \u00fcber wesentliche Merkmale der Waren<\/p><p>Bei den von uns angebotenen Waren handelt es sich um antiquarische B\u00fccher Graphik und Schriftst\u00fccke.<\/p><p>Die Sachen sind, soweit nicht anders vermerkt, dem Alter entsprechend erhalten; kleinere M\u00e4ngel, Stempel u. Besitzvermerke sind nicht immer angegeben, jedoch im Preis ber\u00fccksichtigt. Detaillierte Beschreibungen finden Sie bei den einzelnen Angeboten.<\/p><p>9. Gew\u00e4hrleistung &#8211; Haftungsbeschr\u00e4nkung und -freistellung.<\/p><p>Verbraucher haben die Wahl, ob die Nacherf\u00fcllung durch Nachbesserung oder Ersatzlieferung erfolgen soll. Wir sind berechtigt, die Art der gew\u00e4hlten Nacherf\u00fcllung zu verweigern, wenn sie nur mit unverh\u00e4ltnism\u00e4\u00dfig hohen Kosten m\u00f6glich ist und die andere Art der Nacherf\u00fcllung ohne erhebliche Nachteile f\u00fcr den Verbraucher bleibt.<\/p><p>Bei Unternehmen leisten wir f\u00fcr M\u00e4ngel der Ware zun\u00e4chst nach unserer Wahl Gew\u00e4hr durch Nachbesserung oder Ersatzlieferung.<\/p><p>Schl\u00e4gt die Nacherf\u00fcllung fehl, oder ist diese aufgrund der Eigenarten der bestellten Sachen nicht m\u00f6glich, kann der Kunde grunds\u00e4tzlich nach seiner Wahl Herabsetzung oder Verg\u00fctung (Minderung), R\u00fcckg\u00e4ngigmachung des Vertrages (R\u00fccktritt) oder Schadenersatz statt der Leistung verlangen.<\/p><p>W\u00e4hlt der Kunde Schadenersatz statt der Leistung, so gelten die Haftungsbeschr\u00e4nkungen gem\u00e4\u00df dem nachfolgenden Absatz. Bei nur geringf\u00fcgigen M\u00e4ngeln steht dem Kunden jedoch kein R\u00fccktrittsrecht zu.<\/p><p>Wir haften au\u00dfer bei der Verletzung wesentlicher Vertragspflichten nur, wenn und soweit unseren gesetzlichen Vertretern und Erf\u00fcllungsgehilfen Vorsatz oder grobe Fahrl\u00e4ssigkeit zur Last f\u00e4llt. Sofern nicht Vorsatz oder grobe Fahrl\u00e4ssigkeit vorliegen, ist unsere Haftung auf den Schaden begrenzt, der bei Vertragsschluss typischerweise vorhersehbar war.<\/p><p>Der vorgenannte Haftungsausschluss bzw. Beschr\u00e4nkung gelten nicht, sofern und soweit wir bestimmte Eigenschaften schriftlich zugesichert oder Garantien ausgesprochen haben sowie bei Sch\u00e4den aus der Verletzung des Lebens, des K\u00f6rpers oder der Gesundheit sowie im Falle zwingender gesetzlicher Vorschriften.<\/p><p>10. Eigentumsvorbehalt<\/p><p>Bei Verbrauchern behalten wir uns das Eigentum an der Ware bis zur vollst\u00e4ndigen Zahlung des Kaufpreises vor. Bei Unternehmen behalten wir uns das Eigentum an der Ware bis zur vollst\u00e4ndigen Begleichung aller Forderungen aus einer laufenden Gesch\u00e4ftsbeziehung vor.<\/p><p>Wir sind berechtigt, bei vertragswidrigem Verhalten des Kunden, insbesondere bei Zahlungsverzug vom Vertrag zur\u00fcckzutreten und die Ware herauszuverlangen.<\/p><p>11. Schlussbestimmungen<\/p><p>Es gilt das Recht der Bundesrepublik Deutschland. Bei Verbrauchern, die den Vertrag nicht zu beruflichen oder gewerblichen Zwecken abschlie\u00dfen, gilt diese Rechtswahl nur insoweit, als nicht der gew\u00e4hrte Schutz durch zwingende Bestimmungen des Rechts des Staates, in dem der Verbraucher seinen gew\u00f6hnlichen Aufenthalt hat, entzogen wird. Die Bestimmungen des UN-Kaufrechts finden keine Anwendung.<\/p><p>Ist der Kunde\/Kaufmann, juristische Person des \u00f6ffentlichen Rechts oder \u00f6ffentlich-rechtliches Sonderverm\u00f6gen, ist ausschlie\u00dflicher Gerichtsstand f\u00fcr alle Streitigkeiten aus diesem Vertrag unser Gesch\u00e4ftssitz M\u00fcnchen. Dasselbe gilt, wenn der Kunde keinen allgemeinen Gerichtsstand in Deutschland hat oder Wohnsitz oder gew\u00f6hnlichen Aufenthalt zum Zeitpunkt der Klageerhebung nicht bekannt sind.<\/p><p>Sollten einzelne Bestimmungen des Vertrages mit dem Kunden einschlie\u00dflich dieser Allgemeinen Gesch\u00e4ftsbedingungen ganz oder teilweise unwirksam sein oder werden, so wird hierdurch die G\u00fcltigkeit der \u00fcbrigen Bestimmungen nicht ber\u00fchrt. Die ganz oder teilweise unwirksame Regelung soll durch eine Regelung ersetzt werden, deren wirtschaftlicher Erfolg dem der unwirksamen Regelung m\u00f6glichst nahe kommt.<\/p><p><a class=\"external-link-new-window\" href=\"http:\/\/www.disclaimer.de\/disclaimer.htm?farbe=F3F3F3\/000000\/000000\/000000\" target=\"_blank\" rel=\"noopener\">Disclaimer<\/a><\/p><\/div><\/div><\/div><div id=\"c136\"><h4>Widerruftsbelehrung<\/h4><div class=\"ce-textpic ce-center ce-above\"><div class=\"ce-bodytext\"><p>Das Widerrufsformular k\u00f6nnen Sie <a class=\"download\" href=\"https:\/\/www.antiquariat-steinbach.com\/fileadmin\/user_upload\/_imported\/fileadmin\/user_upload\/widerruf.pdf\">hier <\/a>herunterladen.<\/p><\/div><\/div><\/div>\t\t\t\t\t<\/div>\n\t\t\t\t\t\t<\/div>\n\t\t\t\t<\/div>\n\t\t\t\t\t\t<\/div>\n\t\t\t\t\t<\/div>\n\t\t<\/div>\n\t\t\t\t\t\t\t\t<\/div>\n\t\t\t\t\t<\/div>\n\t\t<\/section>\n\t\t\t\t\t\t\t\t\t<\/div>\n\t\t\t<\/div>\n\t\t\t\t\t<\/div>\n\t\t","protected":false},"excerpt":{"rendered":"<p>einschlie\u00dflich Pflichtangaben nach dem Fernabsatzrecht, R\u00fcckgaberecht der Firma: Antiquariat Michael Steinbach Freyung 6\/4\/6 A &#8211; 1010 Wien Tel. + Fax.&hellip;<\/p>\n","protected":false},"author":1,"featured_media":0,"parent":0,"menu_order":0,"comment_status":"closed","ping_status":"closed","template":"","meta":{"footnotes":""},"class_list":["post-327","page","type-page","status-publish","hentry"],"_links":{"self":[{"href":"https:\/\/antiquariat-steinbach.com\/rarebooks\/wp-json\/wp\/v2\/pages\/327","targetHints":{"allow":["GET"]}}],"collection":[{"href":"https:\/\/antiquariat-steinbach.com\/rarebooks\/wp-json\/wp\/v2\/pages"}],"about":[{"href":"https:\/\/antiquariat-steinbach.com\/rarebooks\/wp-json\/wp\/v2\/types\/page"}],"author":[{"embeddable":true,"href":"https:\/\/antiquariat-steinbach.com\/rarebooks\/wp-json\/wp\/v2\/users\/1"}],"replies":[{"embeddable":true,"href":"https:\/\/antiquariat-steinbach.com\/rarebooks\/wp-json\/wp\/v2\/comments?post=327"}],"version-history":[{"count":5,"href":"https:\/\/antiquariat-steinbach.com\/rarebooks\/wp-json\/wp\/v2\/pages\/327\/revisions"}],"predecessor-version":[{"id":332,"href":"https:\/\/antiquariat-steinbach.com\/rarebooks\/wp-json\/wp\/v2\/pages\/327\/revisions\/332"}],"wp:attachment":[{"href":"https:\/\/antiquariat-steinbach.com\/rarebooks\/wp-json\/wp\/v2\/media?parent=327"}],"curies":[{"name":"wp","href":"https:\/\/api.w.org\/{rel}","templated":true}]}}