{"id":3,"date":"2021-01-20T15:02:22","date_gmt":"2021-01-20T14:02:22","guid":{"rendered":"http:\/\/antiquariat-steinbach.com\/rarebooks\/?page_id=3"},"modified":"2021-02-09T16:37:20","modified_gmt":"2021-02-09T15:37:20","slug":"privacy-policy","status":"publish","type":"page","link":"https:\/\/antiquariat-steinbach.com\/rarebooks\/privacy-policy\/","title":{"rendered":"Datenschutz"},"content":{"rendered":"\t\t<div data-elementor-type=\"wp-page\" data-elementor-id=\"3\" class=\"elementor elementor-3\">\n\t\t\t\t\t\t<div class=\"elementor-inner\">\n\t\t\t\t<div class=\"elementor-section-wrap\">\n\t\t\t\t\t\t\t\t\t<section class=\"elementor-section elementor-top-section elementor-element elementor-element-196d5c0a elementor-section-boxed elementor-section-height-default elementor-section-height-default\" data-id=\"196d5c0a\" data-element_type=\"section\">\n\t\t\t\t\t\t<div class=\"elementor-container elementor-column-gap-default\">\n\t\t\t\t\t\t\t<div class=\"elementor-row\">\n\t\t\t\t\t<div class=\"elementor-column elementor-col-100 elementor-top-column elementor-element elementor-element-489d2366\" data-id=\"489d2366\" data-element_type=\"column\">\n\t\t\t<div class=\"elementor-column-wrap elementor-element-populated\">\n\t\t\t\t\t\t\t<div class=\"elementor-widget-wrap\">\n\t\t\t\t\t\t<div class=\"elementor-element elementor-element-62ec15ca elementor-widget elementor-widget-text-editor\" data-id=\"62ec15ca\" data-element_type=\"widget\" data-widget_type=\"text-editor.default\">\n\t\t\t\t<div class=\"elementor-widget-container\">\n\t\t\t\t\t\t\t\t<div class=\"elementor-text-editor elementor-clearfix\">\n\t\t\t\t<div class=\"ce-textpic ce-right ce-intext\">\n<div class=\"ce-bodytext\">\n<p>Wir freuen uns \u00fcber Ihr Interesse an unserer Website und unserem Antiquariat.<br \/>Der Schutz Ihrer personenbezogenen Daten bei der Erhebung, Verarbeitung und Nutzung anl\u00e4sslich Ihres Besuchs auf unserer Website ist uns ein wichtiges Anliegen. Ihre Daten werden im Rahmen der gesetzlichen Vorschriften gesch\u00fctzt. Die von das Antiquariat Steinbach ermittelten Daten werden ausschlie\u00dflich in Deutschland und \u00d6sterreich gespeichert.<br \/>Die Nutzung unserer Website ist in der Regel ohne Angabe personenbezogener Daten m\u00f6glich. In einigen F\u00e4llen ben\u00f6tigen wir von Ihnen bestimmte Informationen. Alle Ihre pers\u00f6nlichen Angaben, einschlie\u00dflich Ihrer E-Mailadresse, werden von uns folgenderma\u00dfen genutzt:<br \/>Daten, die Sie uns \u00fcbermitteln, um von uns Kundeninformationen zu erhalten, werden erfasst und gespeichert, damit wir Ihre Anfragen kompetent beantworten k\u00f6nnen. Au\u00dferdem registrieren wir, wenn Sie auf unserer Website Informationen lesen oder von unserer Website Daten herunterladen. Dadurch sind wir in der Lage, statistische Auswertungen zu erstellen und unser Angebot Ihren W\u00fcnschen gem\u00e4\u00df zu optimieren.<br \/>Jeder Zugriff auf unsere Website und jeder Abruf einer auf der Website hinterlegten Datei werden protokolliert. Die Speicherung dient internen systembezogenen und statistischen Zwecken. Weitergehende personenbezogene Daten werden nur erfasst, wenn Sie diese Angaben freiwillig, etwa im Rahmen einer Anfrage oder Registrierung machen.<br \/><br \/>Wir weisen darauf hin, dass die Daten\u00fcbertragung im Internet (z. B. bei der Kommunikation per E-Mail) Sicherheitsl\u00fccken aufweisen kann. Ein l\u00fcckenloser Schutz der Daten vor dem Zugriff durch Dritte ist nicht m\u00f6glich.<\/p>\n<h4>Cookies<\/h4>\n<p><br \/>Die Internetseiten verwenden teilweise sogenannte Cookies. Cookies richten auf Ihrem Rechner keinen Schaden an und enthalten keine Viren. Cookies dienen dazu, unser Angebot nutzerfreundlicher, effektiver und sicherer zu machen. Cookies sind kleine Textdateien, die auf Ihrem Rechner abgelegt werden und die Ihr Browser speichert.<br \/><br \/>Die meisten der von uns verwendeten Cookies sind sogenannte &#8222;Session-Cookies&#8220;. Sie werden nach Ende Ihres Besuchs automatisch gel\u00f6scht. Andere Cookies bleiben auf Ihrem Endger\u00e4t gespeichert, bis Sie diese l\u00f6schen. Diese Cookies erm\u00f6glichen es uns, Ihren Browser beim n\u00e4chsten Besuch wiederzuerkennen.<br \/><br \/>Sie k\u00f6nnen Ihren Browser so einstellen, dass Sie \u00fcber das Setzen von Cookies informiert werden und Cookies nur im Einzelfall erlauben, die Annahme von Cookies f\u00fcr bestimmte F\u00e4lle oder generell ausschlie\u00dfen sowie das automatische L\u00f6schen der Cookies beim Schlie\u00dfen des Browser aktivieren. Bei der Deaktivierung von Cookies kann die Funktionalit\u00e4t dieser Website eingeschr\u00e4nkt sein.<br \/><br \/>Cookies, die zur Durchf\u00fchrung des elektronischen Kommunikationsvorgangs oder zur Bereitstellung bestimmter, von Ihnen erw\u00fcnschter Funktionen (z.B. Warenkorbfunktion) erforderlich sind, werden auf Grundlage von Art. 6 Abs. 1 lit. f DSGVO gespeichert. Der Websitebetreiber hat ein berechtigtes Interesse an der Speicherung von Cookies zur technisch fehlerfreien und optimierten Bereitstellung seiner Dienste. Soweit andere Cookies (z.B. Cookies zur Analyse Ihres Surfverhaltens) gespeichert werden, werden diese in dieser Datenschutzerkl\u00e4rung gesondert behandelt.<br \/><br \/><\/p>\n<h4>Server-Logfiles<\/h4>\n<p><br \/>Der Provider der Seiten erhebt und speichert automatisch Informationen in sogenannten Server-Logfiles, die Ihr Browser automatisch an uns \u00fcbermittelt. Dies sind:<br \/><br \/>\u00a0\u00a0\u00a0 Browsertyp und Browserversion<br \/>\u00a0\u00a0\u00a0 verwendetes Betriebssystem<br \/>\u00a0\u00a0\u00a0 Referrer URL<br \/>\u00a0\u00a0\u00a0 Hostname des zugreifenden Rechners<br \/>\u00a0\u00a0\u00a0 Uhrzeit der Serveranfrage<br \/>\u00a0\u00a0\u00a0 IP-Adresse<br \/><br \/>Diese Daten sind nicht bestimmten Personen zuordnenbar. Eine Zusammenf\u00fchrung dieser Daten mit anderen Datenquellen wird nicht vorgenommen. Wir behalten uns vor, diese Daten nachtr\u00e4glich zu pr\u00fcfen, wenn uns konkrete Anhaltspunkte f\u00fcr eine rechtswidrige Nutzung bekannt werden.<br \/><br \/>Grundlage f\u00fcr die Datenverarbeitung ist Art. 6 Abs. 1 lit. b DSGVO, der die Verarbeitung von Daten zur Erf\u00fcllung eines Vertrags oder vorvertraglicher Ma\u00dfnahmen gestattet.<\/p>\n<h4>Recht auf Auskunft, L\u00f6schung, Sperrung<\/h4>\n<p><br \/>Sie haben jederzeit das Recht auf unentgeltliche Auskunft \u00fcber Ihre gespeicherten personenbezogenen Daten, deren Herkunft und Empf\u00e4nger und den Zweck der Datenverarbeitung sowie ein Recht auf Berichtigung, Sperrung oder L\u00f6schung dieser Daten. Hierzu sowie zu weiteren Fragen zum Thema personenbezogene Daten k\u00f6nnen Sie sich jederzeit unter der im Impressum angegebenen Adresse an uns wenden.<br \/>Recht auf Daten\u00fcbertragbarkeit (Art. 20 DSGVO)<br \/><br \/>Sie haben das Recht, Daten, die wir auf Grundlage Ihrer Einwilligung oder in Erf\u00fcllung eines Vertrags automatisiert verarbeiten, an sich oder an einen Dritten in einem g\u00e4ngigen, maschinenlesbaren Format aush\u00e4ndigen zu lassen. Sofern Sie die direkte \u00dcbertragung der Daten an einen anderen Verantwortlichen verlangen, erfolgt dies nur, soweit es technisch machbar ist.<br \/>Widerspruch<br \/><br \/>Sie k\u00f6nnnen der k\u00fcnftigen Verarbeitung Ihrer personenbezogenen Daten entsprechend den gesetzlichen Vorgaben gem. Art. 21 DSGVO jederzeit widersprechen. Der Widerspruch kann insbesondere gegen die Verarbeitung f\u00fcr Zwecke der Direktwerbung erfolgen.<br \/>Widerspruch Werbemails<br \/><br \/>Der Nutzung von im Rahmen der Impressumspflicht ver\u00f6ffentlichten Kontaktdaten zur \u00dcbersendung von nicht ausdr\u00fccklich angeforderter Werbung und Informationsmaterialien wird hiermit widersprochen. Die Betreiber der Seiten behalten sich ausdr\u00fccklich rechtliche Schritte im Falle der unverlangten Zusendung von Werbeinformationen, etwa durch Spam-E-Mails, vor.<br \/><br \/><\/p>\n<h4>\u00c4nderungen dieser Datenschutzbestimmungen<\/h4>\n<p><br \/>Wir werden diese Richtlinien zum Schutz Ihrer pers\u00f6nlichen Daten von Zeit zu Zeit aktualisieren. Sie sollten sich diese Richtlinien gelegentlich ansehen, um auf dem Laufenden dar\u00fcber zu bleiben, wie wir Ihre Daten sch\u00fctzen und die Inhalte unserer Website stetig verbessern. Sollten wir wesentliche \u00c4nderungen bei der Sammlung, der Nutzung und\/oder der Weitergabe der uns von Ihnen zur Verf\u00fcgung gestellten personenbezogenen Daten vornehmen, werden wir Sie durch einen eindeutigen und gut sichtbaren Hinweis auf der Website darauf aufmerksam machen. Mit der Nutzung der Webseite erkl\u00e4ren Sie sich mit den Bedingungen dieser Richtlinien zum Schutz pers\u00f6nlicher Daten einverstanden. Bei Fragen zu diesen Datenschutzbestimmungen wenden Sie sich bitte \u00fcber unsere Kontaktseite an uns.<br \/><br \/>Wenn Sie meinen, dass das Antiquariat Steinbach Sie beim Umgang mit Ihren personenbezogenen Daten in Ihren Rechten verletzt hat, k\u00f6nnen Sie sich an die \u00d6sterreichische Aufsichtsbeh\u00f6rde f\u00fcr den Datenschutz wenden:<br \/><br \/>\u00d6sterreichische Datenschutzbeh\u00f6rde<br \/>Wickenburggasse 8<br \/>1080 Wien<br \/><br \/>Telefon: +43 1 52 152-0<br \/><br \/>E-Mail: dsb@dsb.gv.at<br \/><br \/>F\u00fcr externe Links zu fremden Inhalten k\u00f6nnen wir trotz sorgf\u00e4ltiger inhaltlicher Kontrolle keine Haftung \u00fcbernehmen. F\u00fcr den Inhalt dieser verlinkten Seiten sind ausschlie\u00dflich deren Betreiber verantwortlich.<br \/><br \/>Bei Fragen zur Erhebung, Verarbeitung oder Nutzung Ihrer personenbezogenen Daten sowie bei Ausk\u00fcnften, Berichtigung, Sperrung oder L\u00f6schung von Daten wenden Sie sich bitte an:<br \/>Michael Steinbach<br \/>Freyung 6\/4\/6<br \/>A &#8211; 1010 Wien<br \/><br \/>E-Mail: Michael.Steinbach@antiquariat-steinbach.com<\/p>\n<\/div>\n<\/div>\n<!-- wp:heading --><!-- \/wp:heading -->\t\t\t\t\t<\/div>\n\t\t\t\t\t\t<\/div>\n\t\t\t\t<\/div>\n\t\t\t\t\t\t<\/div>\n\t\t\t\t\t<\/div>\n\t\t<\/div>\n\t\t\t\t\t\t\t\t<\/div>\n\t\t\t\t\t<\/div>\n\t\t<\/section>\n\t\t\t\t\t\t\t\t\t<\/div>\n\t\t\t<\/div>\n\t\t\t\t\t<\/div>\n\t\t","protected":false},"excerpt":{"rendered":"<p>Wir freuen uns \u00fcber Ihr Interesse an unserer Website und unserem Antiquariat.Der Schutz Ihrer personenbezogenen Daten bei der Erhebung, Verarbeitung&hellip;<\/p>\n","protected":false},"author":1,"featured_media":0,"parent":0,"menu_order":0,"comment_status":"closed","ping_status":"open","template":"","meta":{"footnotes":""},"class_list":["post-3","page","type-page","status-publish","hentry"],"_links":{"self":[{"href":"https:\/\/antiquariat-steinbach.com\/rarebooks\/wp-json\/wp\/v2\/pages\/3","targetHints":{"allow":["GET"]}}],"collection":[{"href":"https:\/\/antiquariat-steinbach.com\/rarebooks\/wp-json\/wp\/v2\/pages"}],"about":[{"href":"https:\/\/antiquariat-steinbach.com\/rarebooks\/wp-json\/wp\/v2\/types\/page"}],"author":[{"embeddable":true,"href":"https:\/\/antiquariat-steinbach.com\/rarebooks\/wp-json\/wp\/v2\/users\/1"}],"replies":[{"embeddable":true,"href":"https:\/\/antiquariat-steinbach.com\/rarebooks\/wp-json\/wp\/v2\/comments?post=3"}],"version-history":[{"count":4,"href":"https:\/\/antiquariat-steinbach.com\/rarebooks\/wp-json\/wp\/v2\/pages\/3\/revisions"}],"predecessor-version":[{"id":336,"href":"https:\/\/antiquariat-steinbach.com\/rarebooks\/wp-json\/wp\/v2\/pages\/3\/revisions\/336"}],"wp:attachment":[{"href":"https:\/\/antiquariat-steinbach.com\/rarebooks\/wp-json\/wp\/v2\/media?parent=3"}],"curies":[{"name":"wp","href":"https:\/\/api.w.org\/{rel}","templated":true}]}}