{"id":298,"date":"2021-02-09T16:09:33","date_gmt":"2021-02-09T15:09:33","guid":{"rendered":"http:\/\/antiquariat-steinbach.com\/rarebooks\/?page_id=298"},"modified":"2021-08-20T08:44:09","modified_gmt":"2021-08-20T06:44:09","slug":"kontakt","status":"publish","type":"page","link":"https:\/\/antiquariat-steinbach.com\/rarebooks\/kontakt\/","title":{"rendered":"Kontakt"},"content":{"rendered":"\t\t<div data-elementor-type=\"wp-page\" data-elementor-id=\"298\" class=\"elementor elementor-298\">\n\t\t\t\t\t\t<div class=\"elementor-inner\">\n\t\t\t\t<div class=\"elementor-section-wrap\">\n\t\t\t\t\t\t\t\t\t<section class=\"elementor-section elementor-top-section elementor-element elementor-element-89184d9 elementor-section-boxed elementor-section-height-default elementor-section-height-default\" data-id=\"89184d9\" data-element_type=\"section\">\n\t\t\t\t\t\t<div class=\"elementor-container elementor-column-gap-default\">\n\t\t\t\t\t\t\t<div class=\"elementor-row\">\n\t\t\t\t\t<div class=\"elementor-column elementor-col-100 elementor-top-column elementor-element elementor-element-8b482a0\" data-id=\"8b482a0\" data-element_type=\"column\">\n\t\t\t<div class=\"elementor-column-wrap elementor-element-populated\">\n\t\t\t\t\t\t\t<div class=\"elementor-widget-wrap\">\n\t\t\t\t\t\t<div class=\"elementor-element elementor-element-b4f123a elementor-widget elementor-widget-heading\" data-id=\"b4f123a\" data-element_type=\"widget\" data-widget_type=\"heading.default\">\n\t\t\t\t<div class=\"elementor-widget-container\">\n\t\t\t<h2 class=\"elementor-heading-title elementor-size-default\">Kontakt<\/h2>\t\t<\/div>\n\t\t\t\t<\/div>\n\t\t\t\t<div class=\"elementor-element elementor-element-51e8bc0 elementor-widget elementor-widget-text-editor\" data-id=\"51e8bc0\" data-element_type=\"widget\" data-widget_type=\"text-editor.default\">\n\t\t\t\t<div class=\"elementor-widget-container\">\n\t\t\t\t\t\t\t\t<div class=\"elementor-text-editor elementor-clearfix\">\n\t\t\t\t<p><img loading=\"lazy\" decoding=\"async\" class=\"wp-image-305 size-full alignright\" src=\"https:\/\/antiquariat-steinbach.com\/rarebooks\/wp-content\/uploads\/2021\/02\/Paris_2011.jpg\" alt=\"\" width=\"250\" height=\"375\" srcset=\"https:\/\/antiquariat-steinbach.com\/rarebooks\/wp-content\/uploads\/2021\/02\/Paris_2011.jpg 250w, https:\/\/antiquariat-steinbach.com\/rarebooks\/wp-content\/uploads\/2021\/02\/Paris_2011-200x300.jpg 200w\" sizes=\"auto, (max-width: 250px) 100vw, 250px\" \/>Wir freuen uns \u00fcber Ihr Interesse an unserem Angebot. Gerne stehen wir Ihnen beim Aufbau, Ausbau, bei der Beurteilung, Bewertung und Betreuung Ihrer Sammlung zur Verf\u00fcgung. Wenden Sie sich gern an uns, wenn Sie R\u00fcckfragen oder Suchw\u00fcnsche haben oder wenn wir Ihnen mit unserer Beratung ganz allgemein den Einstieg als Sammler erleichtern k\u00f6nnen.<\/p>\n<p>Kataloge, spezielle Angebotslisten und Einladungskarten f\u00fcr die Antiquariatsmessen senden wir Ihnen auf Wunsch zu.<\/p>\n<p>Nat\u00fcrlich sind wir jederzeit auch am Ankauf interessanter Einzelwerke oder ganzer Bibliotheken interessiert.<\/p>\n<p>Und wenn Sie uns in Wien besuchen m\u00f6chten, vereinbaren Sie bitte mit uns einen Termin.<\/p>\t\t\t\t\t<\/div>\n\t\t\t\t\t\t<\/div>\n\t\t\t\t<\/div>\n\t\t\t\t\t\t<\/div>\n\t\t\t\t\t<\/div>\n\t\t<\/div>\n\t\t\t\t\t\t\t\t<\/div>\n\t\t\t\t\t<\/div>\n\t\t<\/section>\n\t\t\t\t<section class=\"elementor-section elementor-top-section elementor-element elementor-element-60558c2 elementor-section-boxed elementor-section-height-default elementor-section-height-default\" data-id=\"60558c2\" data-element_type=\"section\">\n\t\t\t\t\t\t<div class=\"elementor-container elementor-column-gap-default\">\n\t\t\t\t\t\t\t<div class=\"elementor-row\">\n\t\t\t\t\t<div class=\"elementor-column elementor-col-100 elementor-top-column elementor-element elementor-element-9893341\" data-id=\"9893341\" data-element_type=\"column\">\n\t\t\t<div class=\"elementor-column-wrap elementor-element-populated\">\n\t\t\t\t\t\t\t<div class=\"elementor-widget-wrap\">\n\t\t\t\t\t\t<div class=\"elementor-element elementor-element-697676d elementor-widget elementor-widget-text-editor\" data-id=\"697676d\" data-element_type=\"widget\" data-widget_type=\"text-editor.default\">\n\t\t\t\t<div class=\"elementor-widget-container\">\n\t\t\t\t\t\t\t\t<div class=\"elementor-text-editor elementor-clearfix\">\n\t\t\t\t<h4><b>Buch- und Kunstantiquariat Michael Steinbach<\/b><\/h4><p>Freyung 6\/4\/6<br \/>A &#8211; 1010 Wien<\/p><p>Tel. + Fax. +43-1-5320265<\/p><p>Mobile: +43- 664 \u2013 35 75 948<\/p><p>E-Mail: <a>Michael.Steinbach[at]antiquariat-steinbach[dot]com<\/a><\/p><p>USt.-IdNr.: ATU 663 72 668<\/p>\t\t\t\t\t<\/div>\n\t\t\t\t\t\t<\/div>\n\t\t\t\t<\/div>\n\t\t\t\t\t\t<\/div>\n\t\t\t\t\t<\/div>\n\t\t<\/div>\n\t\t\t\t\t\t\t\t<\/div>\n\t\t\t\t\t<\/div>\n\t\t<\/section>\n\t\t\t\t\t\t\t\t\t<\/div>\n\t\t\t<\/div>\n\t\t\t\t\t<\/div>\n\t\t","protected":false},"excerpt":{"rendered":"<p>Kontakt Wir freuen uns \u00fcber Ihr Interesse an unserem Angebot. Gerne stehen wir Ihnen beim Aufbau, Ausbau, bei der Beurteilung,&hellip;<\/p>\n","protected":false},"author":1,"featured_media":0,"parent":0,"menu_order":0,"comment_status":"closed","ping_status":"closed","template":"","meta":{"footnotes":""},"class_list":["post-298","page","type-page","status-publish","hentry"],"_links":{"self":[{"href":"https:\/\/antiquariat-steinbach.com\/rarebooks\/wp-json\/wp\/v2\/pages\/298","targetHints":{"allow":["GET"]}}],"collection":[{"href":"https:\/\/antiquariat-steinbach.com\/rarebooks\/wp-json\/wp\/v2\/pages"}],"about":[{"href":"https:\/\/antiquariat-steinbach.com\/rarebooks\/wp-json\/wp\/v2\/types\/page"}],"author":[{"embeddable":true,"href":"https:\/\/antiquariat-steinbach.com\/rarebooks\/wp-json\/wp\/v2\/users\/1"}],"replies":[{"embeddable":true,"href":"https:\/\/antiquariat-steinbach.com\/rarebooks\/wp-json\/wp\/v2\/comments?post=298"}],"version-history":[{"count":10,"href":"https:\/\/antiquariat-steinbach.com\/rarebooks\/wp-json\/wp\/v2\/pages\/298\/revisions"}],"predecessor-version":[{"id":16112,"href":"https:\/\/antiquariat-steinbach.com\/rarebooks\/wp-json\/wp\/v2\/pages\/298\/revisions\/16112"}],"wp:attachment":[{"href":"https:\/\/antiquariat-steinbach.com\/rarebooks\/wp-json\/wp\/v2\/media?parent=298"}],"curies":[{"name":"wp","href":"https:\/\/api.w.org\/{rel}","templated":true}]}}