{"id":2,"date":"2019-04-18T11:05:55","date_gmt":"2019-04-18T09:05:55","guid":{"rendered":"https:\/\/envothemes.com\/envo-ecommerce\/?page_id=2"},"modified":"2021-07-12T09:02:25","modified_gmt":"2021-07-12T07:02:25","slug":"antiquariatsmessen","status":"publish","type":"page","link":"https:\/\/antiquariat-steinbach.com\/rarebooks\/antiquariatsmessen\/","title":{"rendered":"Antiquariatsmessen"},"content":{"rendered":"\t\t<div data-elementor-type=\"wp-page\" data-elementor-id=\"2\" class=\"elementor elementor-2\">\n\t\t\t\t\t\t<div class=\"elementor-inner\">\n\t\t\t\t<div class=\"elementor-section-wrap\">\n\t\t\t\t\t\t\t\t\t<section class=\"elementor-section elementor-top-section elementor-element elementor-element-74f8c93 elementor-section-boxed elementor-section-height-default elementor-section-height-default\" data-id=\"74f8c93\" data-element_type=\"section\">\n\t\t\t\t\t\t<div class=\"elementor-container elementor-column-gap-default\">\n\t\t\t\t\t\t\t<div class=\"elementor-row\">\n\t\t\t\t\t<div class=\"elementor-column elementor-col-100 elementor-top-column elementor-element elementor-element-26e7706\" data-id=\"26e7706\" data-element_type=\"column\">\n\t\t\t<div class=\"elementor-column-wrap elementor-element-populated\">\n\t\t\t\t\t\t\t<div class=\"elementor-widget-wrap\">\n\t\t\t\t\t\t<div class=\"elementor-element elementor-element-5938589 elementor-widget elementor-widget-text-editor\" data-id=\"5938589\" data-element_type=\"widget\" data-widget_type=\"text-editor.default\">\n\t\t\t\t<div class=\"elementor-widget-container\">\n\t\t\t\t\t\t\t\t<div class=\"elementor-text-editor elementor-clearfix\">\n\t\t\t\t<p><img loading=\"lazy\" decoding=\"async\" class=\"alignright wp-image-9355 size-full\" src=\"https:\/\/antiquariat-steinbach.com\/rarebooks\/wp-content\/uploads\/2021\/02\/London_2011.jpg\" alt=\"\" width=\"250\" height=\"361\" srcset=\"https:\/\/antiquariat-steinbach.com\/rarebooks\/wp-content\/uploads\/2021\/02\/London_2011.jpg 250w, https:\/\/antiquariat-steinbach.com\/rarebooks\/wp-content\/uploads\/2021\/02\/London_2011-208x300.jpg 208w\" sizes=\"auto, (max-width: 250px) 100vw, 250px\" \/>Sch\u00f6ne B\u00fccher und interessante Menschen weltweit. Von Stuttgart und Kalifornien im Januar und Februar \u00fcber Paris, London, Barcelona und Tokio bis nach Hong Kong im Dezember eines jeden Jahres ist das Buch- und Kunstantiquariat Michael Steinbach auf zahlreichen internationalen Antiquariatsmessen zu finden.<\/p><p>Auch 2017\/2022 nehmen wir wieder an den internationalen internationalen Antiquariatsmessen \u00a0in New York, Paris London, Wien, Madrid und Kalifornien teil, sofern Corona nicht wieder einen Strich durch die Rechnung macht.<\/p><p>Die genauen Termine bzw. die daf\u00fcr vorgesehenen Kataloge und Listen werde ich zeitnah auf meiner Homepage pr\u00e4sentieren.<\/p><h3>Books to be exhibited at the 51st California International Antiquarian Book Fair<\/h3><p><a class=\"download\" title=\"Messeliste zum Download\" href=\"https:\/\/www.antiquariat-steinbach.com\/fileadmin\/user_upload\/Kataloge\/Messeliste-Pasadena-2018.pdf\">\u25ca Download der Messliste<\/a><\/p><h3><span lang=\"ES\"><b>Salon del Libro Antiguo\u2019 \u00a0vom 26.- 29 Oktober in Madrid in der \u201aGaleria de Cristal\u2018 im \u201aPalacio de Cibeles\u2018 <\/b><\/span><\/h3><p><a class=\"download\" title=\"Messeliste zum Download\" href=\"https:\/\/www.antiquariat-steinbach.com\/fileadmin\/user_upload\/Kataloge\/salon2017-Catalogo-Michael-Steinbach.pdf\">Download der Messliste<\/a><\/p><h3>BUCH WIEN. Internationale Buchmesse &amp; Lesefestwoche vom 08. &#8211; 12. November 2017<\/h3><p>Auf der diesj\u00e4hrigen BUCH WIEN vom 08. Bis 12. November 2017 sind die \u00f6sterreichischen Antiquare mit einem Gemeinschaftsstand vertreten. Eine Auswahl aus dem reichhaltigen Angebot aller Kollegen bietet der Gemeinschaftskatalog. Einen Querschnitt durch die B\u00fccher, Autographen und Graphiken, die ich auf der BUCH WIEN zeigen werde, finden Sie in der Messeliste hier auf der Webseite.<\/p><p>21<\/p>\t\t\t\t\t<\/div>\n\t\t\t\t\t\t<\/div>\n\t\t\t\t<\/div>\n\t\t\t\t\t\t<\/div>\n\t\t\t\t\t<\/div>\n\t\t<\/div>\n\t\t\t\t\t\t\t\t<\/div>\n\t\t\t\t\t<\/div>\n\t\t<\/section>\n\t\t\t\t\t\t\t\t\t<\/div>\n\t\t\t<\/div>\n\t\t\t\t\t<\/div>\n\t\t","protected":false},"excerpt":{"rendered":"<p>Sch\u00f6ne B\u00fccher und interessante Menschen weltweit. Von Stuttgart und Kalifornien im Januar und Februar \u00fcber Paris, London, Barcelona und Tokio&hellip;<\/p>\n","protected":false},"author":1,"featured_media":0,"parent":0,"menu_order":0,"comment_status":"closed","ping_status":"closed","template":"","meta":{"footnotes":""},"class_list":["post-2","page","type-page","status-publish","hentry"],"_links":{"self":[{"href":"https:\/\/antiquariat-steinbach.com\/rarebooks\/wp-json\/wp\/v2\/pages\/2","targetHints":{"allow":["GET"]}}],"collection":[{"href":"https:\/\/antiquariat-steinbach.com\/rarebooks\/wp-json\/wp\/v2\/pages"}],"about":[{"href":"https:\/\/antiquariat-steinbach.com\/rarebooks\/wp-json\/wp\/v2\/types\/page"}],"author":[{"embeddable":true,"href":"https:\/\/antiquariat-steinbach.com\/rarebooks\/wp-json\/wp\/v2\/users\/1"}],"replies":[{"embeddable":true,"href":"https:\/\/antiquariat-steinbach.com\/rarebooks\/wp-json\/wp\/v2\/comments?post=2"}],"version-history":[{"count":8,"href":"https:\/\/antiquariat-steinbach.com\/rarebooks\/wp-json\/wp\/v2\/pages\/2\/revisions"}],"predecessor-version":[{"id":16106,"href":"https:\/\/antiquariat-steinbach.com\/rarebooks\/wp-json\/wp\/v2\/pages\/2\/revisions\/16106"}],"wp:attachment":[{"href":"https:\/\/antiquariat-steinbach.com\/rarebooks\/wp-json\/wp\/v2\/media?parent=2"}],"curies":[{"name":"wp","href":"https:\/\/api.w.org\/{rel}","templated":true}]}}